{"id":6208,"date":"2022-04-12T05:16:44","date_gmt":"2022-04-12T03:16:44","guid":{"rendered":"http:\/\/localhost\/nupur\/?page_id=6208"},"modified":"2022-06-27T11:32:01","modified_gmt":"2022-06-27T09:32:01","slug":"home-2","status":"publish","type":"page","link":"https:\/\/www.meltas.ch\/","title":{"rendered":"Home"},"content":{"rendered":"\t\t<div data-elementor-type=\"wp-page\" data-elementor-id=\"6208\" class=\"elementor elementor-6208\" data-elementor-post-type=\"page\">\n\t\t\t\t\t\t<section class=\"elementor-section elementor-top-section elementor-element elementor-element-ce08660 elementor-section-full_width elementor-section-height-default elementor-section-height-default\" data-id=\"ce08660\" data-element_type=\"section\">\n\t\t\t\t\t\t<div class=\"elementor-container elementor-column-gap-no\">\n\t\t\t\t\t<div class=\"elementor-column elementor-col-100 elementor-top-column elementor-element elementor-element-1a06097\" data-id=\"1a06097\" data-element_type=\"column\">\n\t\t\t<div class=\"elementor-widget-wrap elementor-element-populated\">\n\t\t\t\t\t\t<div class=\"elementor-element elementor-element-59a1c05 elementor-widget elementor-widget-witr_nslider_section\" data-id=\"59a1c05\" data-element_type=\"widget\" data-widget_type=\"witr_nslider_section.default\">\n\t\t\t\t<div class=\"elementor-widget-container\">\n\t\t\t\t\t    <!-- SLIDER  AREA -->\n    <div class=\"main-slider-area\">\n        <div class=\"container-fluid pdlr0\">\n            <div class=\"row\">\n\t\t\t\t<div class=\"col-lg-12\">\n\t\t\t\t\t<div class=\"em-nivo-slider-wrapper\">\t\t\t\n\t\t\t\t\t   <div id=\"mainSlider_id2\" class=\"nivoSlider em-slider-image\">\t\t\t\t\n\t\t\t\t\t\t\t\t\t\t\t\t\t\t\t\t\n\t\t\t\t\t\t\t\t\t\t\t\t\t\t\t\t\n\t\t\t\t\t\t\t\t\t  \t\t\t\t\t\t\t\t\t\t  \n\t\t\t\t\t\t\t\t\t<img fetchpriority=\"high\" decoding=\"async\" width=\"1920\" height=\"750\" src=\"https:\/\/www.meltas.ch\/wp-content\/uploads\/2021\/08\/slide-03.jpg\" class=\"attachment-em-thumb size-em-thumb wp-post-image\" alt=\"\" title=\"#htmlcaption1_6207\" srcset=\"https:\/\/www.meltas.ch\/wp-content\/uploads\/2021\/08\/slide-03.jpg 1920w, https:\/\/www.meltas.ch\/wp-content\/uploads\/2021\/08\/slide-03-300x117.jpg 300w, https:\/\/www.meltas.ch\/wp-content\/uploads\/2021\/08\/slide-03-1024x400.jpg 1024w, https:\/\/www.meltas.ch\/wp-content\/uploads\/2021\/08\/slide-03-768x300.jpg 768w, https:\/\/www.meltas.ch\/wp-content\/uploads\/2021\/08\/slide-03-1536x600.jpg 1536w\" sizes=\"(max-width: 1920px) 100vw, 1920px\" \/>\t\t\t\t\t\t\t\t\t\n\t\t\t\t\t\t\t\t\t\t\t\t\t\t\t\t\n\t\t\t\t\t\t\t\t\t\t\t\t\t\t\t\t\n\t\t\t\t\t\t\t\t\t  \t\t\t\t\t\t\t\t\t\t  \n\t\t\t\t\t\t\t\t\t<img decoding=\"async\" width=\"1920\" height=\"754\" src=\"https:\/\/www.meltas.ch\/wp-content\/uploads\/2021\/08\/slider03.jpg\" class=\"attachment-em-thumb size-em-thumb wp-post-image\" alt=\"\" title=\"#htmlcaption1_6206\" srcset=\"https:\/\/www.meltas.ch\/wp-content\/uploads\/2021\/08\/slider03.jpg 1920w, https:\/\/www.meltas.ch\/wp-content\/uploads\/2021\/08\/slider03-300x118.jpg 300w, https:\/\/www.meltas.ch\/wp-content\/uploads\/2021\/08\/slider03-1024x402.jpg 1024w, https:\/\/www.meltas.ch\/wp-content\/uploads\/2021\/08\/slider03-768x302.jpg 768w, https:\/\/www.meltas.ch\/wp-content\/uploads\/2021\/08\/slider03-1536x603.jpg 1536w\" sizes=\"(max-width: 1920px) 100vw, 1920px\" \/>\t\t\t\t\t\t\t\t\t\n\t\t\t\t\t\t\t\t\t\t\t\t   <\/div>\t\t\t\n\n\t\t\t\t\t\t\t\t\t\t   \n\t\t\t\t\t\t\t<!-- em_slider style-1 start -->\n\t\t\t\t\t\t\t<div id=\"htmlcaption1_6207\" class=\"nivo-html-caption em-slider-content-nivo\">\n\t\t\t\t\t\t\t\t<div class=\"em_slider_inner container  text-left\">\n\t\t\t\t\t\t\t\t\t\t\t\t\t\t\t\t\t\t\t\t\t\t\t\t\t\t\t\t\t\n\t\t\t\t\t\t\t\t\t\t\t\t\t\t\t\t\t\t\n\t\t\t\t\t\t\t\t\t\n\t\t\t\t\t\t\t\t\t\t\t\t\t\t\t\t\t\t\t\t\t \n\t\t\t\t\t\t\t\t\t\t\t<div class=\"wow slideInRight\" data-wow-duration=\"2s\" data-wow-delay=\"s\">\n\t\t\t\t\t\t\t\t\t\t\t\n\t\t\t\t\t\t\t\t\t\t\t\t\t<h1 class=\"em-slider-sub-title\">Bereitstellung von IT-L\u00f6sungen  <br> f\u00fcr Ihr Unternehmen. \n\t\t\t\t\t\t\t\t\t\t\t\t\t<\/h1>\n\t\t\t\t\t\t\t\t\t\t\t\t\t\n\t\t\t\t\t\t\t\t\t\t\t\t<\/div>\t\t\t\n\t\t\t\t\t\t\t\t\t\t\t\t\t\n\t\t\t\t\t\t\t\t\t\t\t\t\t\t\t\t\t\t\t\n\t\t\t\t\t\t\t\t\t\t\t\n\t\t\t\t\t\t\t\t\t\t\n\t\t\t\t\t\t\t\t\t\t \n\t\t\t\t\t\t\t\t\t\t\t<div class=\"wow slideInRight\" data-wow-duration=\"3s\" data-wow-delay=\"0.1s\">\n\t\t\t\t\t\t\t\t\t\t\t\t<p  class=\"em-slider-descript\">Wir schaffen Vertrauen f\u00fcr alle Ihre IT-Projekte  <br> Jetzt und in Zukunft<\/p>\n\t\t\t\t\t\t\t\t\t\t\t<\/div>\n\t\t\t\t\t\t\t\t\t\t\t\t\t\t\t\t\t\t\n\t\t\t\t\t\t\t\t\t\t\t\t\t\t\t\t\n\t\t\t\t\t\t\t\t\t\t<div class=\"em-slider-button wow  bounceInUp  em-button-button-area\" data-wow-duration=\"3s\" data-wow-delay=\"s\">\n\t\t\t\t\t\t\t\t\t\t\n\t\t\t\t\t\t\t\t\t\t\t \n\t\t\t\t\t\t\t\t\t\t\t\t<a class=\"em-active-button\" href=\"#\">Discover More<\/a>\n\t\t\t\t\t\t\t\t\t\t\t\t\t\t\t\t\t\t\t\t\t\t \n\t\t\t\t\t\t\t\t\t\t\t\t<a class=\"withput-active\" href=\"https:\/\/www.meltas.ch\/?page_id=415\">contact us<\/a>\n\t\t\t\t\t\t\t\t\t\t\t\t\t\t\t\t\t\t\t\n\t\t\t\t\t\t\t\t\t<\/div>\n\t\t\t\t\t\t\t\t<\/div>\n\t\t\t\t\t\t\t<\/div>\n\t\t\t\t\t\t\t<!-- em_slider style-1 end -->\n\t\t\t\t\t\t\t\t\t\t   \n\t\t\t\t\t\t\t<!-- em_slider style-1 start -->\n\t\t\t\t\t\t\t<div id=\"htmlcaption1_6206\" class=\"nivo-html-caption em-slider-content-nivo\">\n\t\t\t\t\t\t\t\t<div class=\"em_slider_inner container  text-left\">\n\t\t\t\t\t\t\t\t\t\t\t\t\t\t\t\t\t\t\t\t\t\t\t\t\t\t\t\t\t\n\t\t\t\t\t\t\t\t\t\t\t\t\t\t\t\t\t\t\n\t\t\t\t\t\t\t\t\t\n\t\t\t\t\t\t\t\t\t\t\t\t\t\t\t\t\t\t\t\t\t \n\t\t\t\t\t\t\t\t\t\t\t<div class=\"wow slideInRight\" data-wow-duration=\"2s\" data-wow-delay=\"s\">\n\t\t\t\t\t\t\t\t\t\t\t\n\t\t\t\t\t\t\t\t\t\t\t\t\t<h1 class=\"em-slider-sub-title\">Neue Wege. <br> Neue Dimensionen. \n\t\t\t\t\t\t\t\t\t\t\t\t\t<\/h1>\n\t\t\t\t\t\t\t\t\t\t\t\t\t\n\t\t\t\t\t\t\t\t\t\t\t\t<\/div>\t\t\t\n\t\t\t\t\t\t\t\t\t\t\t\t\t\n\t\t\t\t\t\t\t\t\t\t\t\t\t\t\t\t\t\t\t\n\t\t\t\t\t\t\t\t\t\t\t\n\t\t\t\t\t\t\t\t\t\t\n\t\t\t\t\t\t\t\t\t\t \n\t\t\t\t\t\t\t\t\t\t\t<div class=\"wow slideInRight\" data-wow-duration=\"3s\" data-wow-delay=\"s\">\n\t\t\t\t\t\t\t\t\t\t\t\t<p  class=\"em-slider-descript\">Wir stehen f\u00fcr individuelle IT L\u00f6sungen sowie die ganzheitliche Steuerung und Optimierung s\u00e4mtlicher Herausforderungen von IT-Projekten.<\/p>\n\t\t\t\t\t\t\t\t\t\t\t<\/div>\n\t\t\t\t\t\t\t\t\t\t\t\t\t\t\t\t\t\t\n\t\t\t\t\t\t\t\t\t\t\t\t\t\t\t\t\n\t\t\t\t\t\t\t\t\t\t<div class=\"em-slider-button wow  bounceInUp  em-button-button-area\" data-wow-duration=\"3s\" data-wow-delay=\"s\">\n\t\t\t\t\t\t\t\t\t\t\n\t\t\t\t\t\t\t\t\t\t\t \n\t\t\t\t\t\t\t\t\t\t\t\t<a class=\"em-active-button\" href=\"#\">Discover More<\/a>\n\t\t\t\t\t\t\t\t\t\t\t\t\t\t\t\t\t\t\t\t\t\t \n\t\t\t\t\t\t\t\t\t\t\t\t<a class=\"withput-active\" href=\"#\">More About<\/a>\n\t\t\t\t\t\t\t\t\t\t\t\t\t\t\t\t\t\t\t\n\t\t\t\t\t\t\t\t\t<\/div>\n\t\t\t\t\t\t\t\t<\/div>\n\t\t\t\t\t\t\t<\/div>\n\t\t\t\t\t\t\t<!-- em_slider style-1 end -->\n\t\t\t\t\t\t\t\t\t\n\t\t\t\t   <\/div>\n\t\t\t\t<\/div>\n            <\/div>\n        <\/div>\n    <\/div>\t\t\t\n\t\t\t\n\n\t\t<script type='text\/javascript'>\n\t\t\tjQuery(function($){\t\t\t\t\n\t\t\t\tvar tnivoslider= $('#mainSlider_id2');\n\t\t\t\tif( tnivoslider.length ){\t\t\t\t\t\n\t\t\t\t\ttnivoslider.nivoSlider({\n\t\t\t\t\t\tdirectionNav: true,\n\t\t\t\t\t\tanimSpeed: 1000,\n\t\t\t\t\t\tslices: 18,\n\t\t\t\t\t\tpauseTime: 6000,\n\t\t\t\t\t\t\t\t\t\t\t\tpauseOnHover: false,\n\t\t\t\t\t\tcontrolNav: true,\n\t\t\t\t\t\tprevText: '<i class=\"fas fa-long-arrow-alt-left nivo-prev-icon\"><\/i>',\n\t\t\t\t\t\tnextText: '<i class=\"fas fa-long-arrow-alt-right nivo-next-icon\"><\/i>'\t\t\t\t\t\n\t\t\t\t\t});\t\t\t\t\t\n\t\t\t\t}\t\n\t\t\t});\n\t\t<\/script>\n\t\t\t\n\t\t\t\t\t\t\t<\/div>\n\t\t\t\t<\/div>\n\t\t\t\t\t<\/div>\n\t\t<\/div>\n\t\t\t\t\t<\/div>\n\t\t<\/section>\n\t\t\t\t<section class=\"elementor-section elementor-top-section elementor-element elementor-element-d6f436d elementor-section-boxed elementor-section-height-default elementor-section-height-default\" data-id=\"d6f436d\" data-element_type=\"section\">\n\t\t\t\t\t\t<div class=\"elementor-container elementor-column-gap-default\">\n\t\t\t\t\t<div class=\"elementor-column elementor-col-100 elementor-top-column elementor-element elementor-element-d47f288\" data-id=\"d47f288\" data-element_type=\"column\">\n\t\t\t<div class=\"elementor-widget-wrap elementor-element-populated\">\n\t\t\t\t\t\t<section class=\"elementor-section elementor-inner-section elementor-element elementor-element-5b7106a elementor-section-boxed elementor-section-height-default elementor-section-height-default\" data-id=\"5b7106a\" data-element_type=\"section\">\n\t\t\t\t\t\t<div class=\"elementor-container elementor-column-gap-default\">\n\t\t\t\t\t<div class=\"elementor-column elementor-col-100 elementor-inner-column elementor-element elementor-element-c147515\" data-id=\"c147515\" data-element_type=\"column\">\n\t\t\t<div class=\"elementor-widget-wrap elementor-element-populated\">\n\t\t\t\t\t\t<div class=\"elementor-element elementor-element-a4ab2df nupur-star-rating--align-center elementor-widget elementor-widget-witr_section_title\" data-id=\"a4ab2df\" data-element_type=\"widget\" data-widget_type=\"witr_section_title.default\">\n\t\t\t\t<div class=\"elementor-widget-container\">\n\t\t\t\t\t\t\t\t\t\t\t\t\n\t\t\t\t\t<!-- title right -->\n\t\t\t\t\t<div class=\"witr_section_title\">\n\t\t\t\t\t<div class=\"row\">\n\t\t\t\t\t\t<div class=\"col-lg-8 col-md-8 col-sm-12\">\n\t\t\t\t\t\t\t<div class=\"witr_section_title_inner text-left\">\n\t\t\t\t\t\t\t\t<!-- title top -->\n\t\t\t\t\t\t\t\t\t\t\t\t\t\t\n\t\t\t\t\t\t\t\t<!-- title middle -->\n\t\t\t\t\t\t\t\t\t\t\t\t\t\t\t\t\t<h3>Service Cycle\u200b<\/h3>\t\t\n\t\t\t\t\t\t\t\t\t\t\t\t\t\t\t\t<!-- title bottom -->\n\t\t\t\t\t\t\t\t\t\t\t\t\t\t\t\t\t<!-- image -->\n\t\t\t\t\t\t\t\t\t\t\n\t\t\t\t\t\t\t\t\n\t\t\t\t\t\t\t\t<!-- icon -->\n\t\t\t\t\t\t\t\t\t\t\t\t\t\n\t\t\t\t\t\t\t\t<!-- bar -->\n\t\t\t\t\t\t\t\t\t\t\t\t\t\t\t\n\t\t\t\t\t\t\t<!-- circle bar -->\n\t\t\t\t\t\t\t\n\t\t\t\t\t\t\t\t\n\t\t\t\t\t\t\t\t<!-- content -->\n\t\t\t\t\t\t\t\t\t\t\t\t\t\t\t\t\t<p>Wir sind Experten f\u00fcr alle Themen im Bereich der IT-Projekte. Im Zentrum unserer Leistungen steht der Service Cycle.  Wir betrachten digitale Herausforderungen ganzheitlich und bieten individuelle L\u00f6sungen von der Konzeption \u00fcber die Entwicklung bis hin zum Produktionsrollout.\n <\/p>\t\t\n\t\t\t\t\t\t\t\t\t\t\t\t\t\t\t<\/div>\n\t\t\t\t\t\t<\/div>\n\t\t\t\t\t\t<div class=\"col-lg-4 col-md-4 col-sm-12\">\t\n\t\t\t\t\t\t\t<!-- button -->\n\t\t\t\t\t\t\t\t\n\t\t\t\t\t\t<\/div>\t\n\t\t\t\t\t\t\t<!-- inner title -->\n\t\t\t\t\t\t\t\t\t\t\t\t\t\n\t\t\t\t\t<\/div>\t\t\t\t\t\t\t\n\t\t\t\t\t<\/div>\t\t\t\t\n\t\t\t\t\t\n\t\t\t\t\t\t\t\t<\/div>\n\t\t\t\t<\/div>\n\t\t\t\t\t<\/div>\n\t\t<\/div>\n\t\t\t\t\t<\/div>\n\t\t<\/section>\n\t\t\t\t<section class=\"elementor-section elementor-inner-section elementor-element elementor-element-4c21017 elementor-section-full_width elementor-section-height-default elementor-section-height-default\" data-id=\"4c21017\" data-element_type=\"section\">\n\t\t\t\t\t\t<div class=\"elementor-container elementor-column-gap-default\">\n\t\t\t\t\t<div class=\"elementor-column elementor-col-100 elementor-inner-column elementor-element elementor-element-0e03622\" data-id=\"0e03622\" data-element_type=\"column\">\n\t\t\t<div class=\"elementor-widget-wrap elementor-element-populated\">\n\t\t\t\t\t\t<div class=\"elementor-element elementor-element-769a2e1 elementor-widget elementor-widget-image\" data-id=\"769a2e1\" data-element_type=\"widget\" data-widget_type=\"image.default\">\n\t\t\t\t<div class=\"elementor-widget-container\">\n\t\t\t\t\t\t\t\t\t\t\t\t\t\t\t<img decoding=\"async\" width=\"1024\" height=\"1005\" src=\"https:\/\/www.meltas.ch\/wp-content\/uploads\/2022\/06\/Cycle-4-1024x1005.png\" class=\"attachment-large size-large wp-image-6551\" alt=\"\" srcset=\"https:\/\/www.meltas.ch\/wp-content\/uploads\/2022\/06\/Cycle-4-1024x1005.png 1024w, https:\/\/www.meltas.ch\/wp-content\/uploads\/2022\/06\/Cycle-4-300x294.png 300w, https:\/\/www.meltas.ch\/wp-content\/uploads\/2022\/06\/Cycle-4-768x754.png 768w, https:\/\/www.meltas.ch\/wp-content\/uploads\/2022\/06\/Cycle-4-1536x1507.png 1536w, https:\/\/www.meltas.ch\/wp-content\/uploads\/2022\/06\/Cycle-4-70x70.png 70w, https:\/\/www.meltas.ch\/wp-content\/uploads\/2022\/06\/Cycle-4.png 1592w\" sizes=\"(max-width: 1024px) 100vw, 1024px\" \/>\t\t\t\t\t\t\t\t\t\t\t\t\t\t\t<\/div>\n\t\t\t\t<\/div>\n\t\t\t\t\t<\/div>\n\t\t<\/div>\n\t\t\t\t\t<\/div>\n\t\t<\/section>\n\t\t\t\t\t<\/div>\n\t\t<\/div>\n\t\t\t\t\t<\/div>\n\t\t<\/section>\n\t\t\t\t<section class=\"elementor-section elementor-top-section elementor-element elementor-element-554bbb2 elementor-section-boxed elementor-section-height-default elementor-section-height-default\" data-id=\"554bbb2\" data-element_type=\"section\">\n\t\t\t\t\t\t<div class=\"elementor-container elementor-column-gap-default\">\n\t\t\t\t\t<div class=\"elementor-column elementor-col-100 elementor-top-column elementor-element elementor-element-e46f273\" data-id=\"e46f273\" data-element_type=\"column\">\n\t\t\t<div class=\"elementor-widget-wrap elementor-element-populated\">\n\t\t\t\t\t\t<section class=\"elementor-section elementor-inner-section elementor-element elementor-element-a641263 elementor-section-boxed elementor-section-height-default elementor-section-height-default\" data-id=\"a641263\" data-element_type=\"section\">\n\t\t\t\t\t\t<div class=\"elementor-container elementor-column-gap-default\">\n\t\t\t\t\t<div class=\"elementor-column elementor-col-33 elementor-inner-column elementor-element elementor-element-c197953\" data-id=\"c197953\" data-element_type=\"column\">\n\t\t\t<div class=\"elementor-widget-wrap elementor-element-populated\">\n\t\t\t\t\t\t<div class=\"elementor-element elementor-element-20881ec elementor-widget elementor-widget-witr_section_service\" data-id=\"20881ec\" data-element_type=\"widget\" data-widget_type=\"witr_section_service.default\">\n\t\t\t\t<div class=\"elementor-widget-container\">\n\t\t\t\t\t\t\t\n\t\t\t<div class=\"service-item all_color_service  text-left  \">\n\t\t\t\t<div class=\"service_top_image\">\n\t\t\t\t\t<!-- image -->\n\t\t\t\t\t\t\t\t\n\t\t\t\t<\/div>\n\t\t\t\t<div class=\"text_box all_icon_color\">\n\t\t\t\t\t<!-- icon -->\n\t\t\t\t\t\t\t\t\t\t\t<i class=\"icofont icofont-pencil-alt-5\"><\/i>\n\t\t\t\t\t\t\t\t\t\t<!-- custom icon -->\n\t\t\t\t\t\t\t\t\t\n\t\t\t\t\t<!-- image -->\n\t\t\t\t\t\t\n\t\t\t\t\t<!-- title -->\n\t\t\t\t\t\t\t\t\t\t\t\t\t\t\t<h3>Planning\n <\/h3>\n\t\t\t\t\t\t\t\t\t\t\t\t\t\t\t<!-- content -->\n\t\t\t\t\t\t\t\t\t\t\t<p>Wir begleiten Sie bei der Konzeption von Architektur- und Infrastruktur\u00adl\u00f6sungen sowie der Planung, Implementierung und dem Abschluss von IT-Projekten \u2013 und das bei voller Projekt-Kontrolle. Zudem strukturieren, kalkulieren und bewerten wir f\u00fcr Sie verschiedene Alternativen f\u00fcr ein optimales Preis-Leistungs\u00adverh\u00e4ltnis. <\/p>\t\t\n\t\t\t\t\t\t\t\t\t\t<!-- button -->\n\t\t\t\t\t\t\t\t\t\n\t\t\t\t<\/div> <!-- text_box -->\t\t\t\t\t\t\t\n\t\t\t<\/div> <!-- service item -->\t\t\t\t\t\t\t\n \t\t\t\t\t\t<\/div>\n\t\t\t\t<\/div>\n\t\t\t\t\t<\/div>\n\t\t<\/div>\n\t\t\t\t<div class=\"elementor-column elementor-col-33 elementor-inner-column elementor-element elementor-element-116e397\" data-id=\"116e397\" data-element_type=\"column\">\n\t\t\t<div class=\"elementor-widget-wrap elementor-element-populated\">\n\t\t\t\t\t\t<div class=\"elementor-element elementor-element-44e6a29 elementor-widget elementor-widget-witr_section_service\" data-id=\"44e6a29\" data-element_type=\"widget\" data-widget_type=\"witr_section_service.default\">\n\t\t\t\t<div class=\"elementor-widget-container\">\n\t\t\t\t\t\t\t\n\t\t\t<div class=\"service-item all_color_service  text-left  \">\n\t\t\t\t<div class=\"service_top_image\">\n\t\t\t\t\t<!-- image -->\n\t\t\t\t\t\t\t\t\n\t\t\t\t<\/div>\n\t\t\t\t<div class=\"text_box all_icon_color\">\n\t\t\t\t\t<!-- icon -->\n\t\t\t\t\t\t\t\t\t\t\t<i class=\"aprova aprova-analytics\"><\/i>\n\t\t\t\t\t\t\t\t\t\t<!-- custom icon -->\n\t\t\t\t\t\t\t\t\t\n\t\t\t\t\t<!-- image -->\n\t\t\t\t\t\t\n\t\t\t\t\t<!-- title -->\n\t\t\t\t\t\t\t\t\t\t\t\t\t\t\t<h3>Analysis <\/h3>\n\t\t\t\t\t\t\t\t\t\t\t\t\t\t\t<!-- content -->\n\t\t\t\t\t\t\t\t\t\t\t<p>Um Ihnen f\u00fcr Ihr Unternehmen geeignete L\u00f6sungen anzubieten, analysieren wir Strukturen, Gesch\u00e4ftsregeln sowie Kommunikations- und Gesch\u00e4ftsprozesse . Wir erarbeiten anhand Ihrer Anforderungen technische und fachliche Konzepte und setzen diese um. Zudem erstellen wir erste Projektstudien und \u00fcberpr\u00fcfen die Umsetzbarkeit Ihres Vorhabens. <\/p>\t\t\n\t\t\t\t\t\t\t\t\t\t<!-- button -->\n\t\t\t\t\t\t\t\t\t\n\t\t\t\t<\/div> <!-- text_box -->\t\t\t\t\t\t\t\n\t\t\t<\/div> <!-- service item -->\t\t\t\t\t\t\t\n \t\t\t\t\t\t<\/div>\n\t\t\t\t<\/div>\n\t\t\t\t\t<\/div>\n\t\t<\/div>\n\t\t\t\t<div class=\"elementor-column elementor-col-33 elementor-inner-column elementor-element elementor-element-ac4f359\" data-id=\"ac4f359\" data-element_type=\"column\">\n\t\t\t<div class=\"elementor-widget-wrap elementor-element-populated\">\n\t\t\t\t\t\t<div class=\"elementor-element elementor-element-cc56a41 elementor-widget elementor-widget-witr_section_service\" data-id=\"cc56a41\" data-element_type=\"widget\" data-widget_type=\"witr_section_service.default\">\n\t\t\t\t<div class=\"elementor-widget-container\">\n\t\t\t\t\t\t\t\n\t\t\t<div class=\"service-item all_color_service  text-left  \">\n\t\t\t\t<div class=\"service_top_image\">\n\t\t\t\t\t<!-- image -->\n\t\t\t\t\t\t\t\t\n\t\t\t\t<\/div>\n\t\t\t\t<div class=\"text_box all_icon_color\">\n\t\t\t\t\t<!-- icon -->\n\t\t\t\t\t\t\t\t\t\t\t<i class=\"icofont icofont-brand-microsoft\"><\/i>\n\t\t\t\t\t\t\t\t\t\t<!-- custom icon -->\n\t\t\t\t\t\t\t\t\t\n\t\t\t\t\t<!-- image -->\n\t\t\t\t\t\t\n\t\t\t\t\t<!-- title -->\n\t\t\t\t\t\t\t\t\t\t\t\t\t\t\t<h3>Development <\/h3>\n\t\t\t\t\t\t\t\t\t\t\t\t\t\t\t<!-- content -->\n\t\t\t\t\t\t\t\t\t\t\t<p>Wir sind Experten f\u00fcr agile als auch klassische Softwareentwicklung.Wir entwickelt und betreut Ihre Anwendungssoftware \u00fcber deren gesamten Lebenszyklus. Dabei vereinen wir Menschen, Prozesse und Technologien, damit Sie hochwertige L\u00f6sungen erhalten (DevOps). Web-Applikationen und Know-how der g\u00e4ngigen Datenbanken geh\u00f6ren zu unserem Standard. <\/p>\t\t\n\t\t\t\t\t\t\t\t\t\t<!-- button -->\n\t\t\t\t\t\t\t\t\t\n\t\t\t\t<\/div> <!-- text_box -->\t\t\t\t\t\t\t\n\t\t\t<\/div> <!-- service item -->\t\t\t\t\t\t\t\n \t\t\t\t\t\t<\/div>\n\t\t\t\t<\/div>\n\t\t\t\t\t<\/div>\n\t\t<\/div>\n\t\t\t\t\t<\/div>\n\t\t<\/section>\n\t\t\t\t<section class=\"elementor-section elementor-inner-section elementor-element elementor-element-0ae0362 elementor-section-boxed elementor-section-height-default elementor-section-height-default\" data-id=\"0ae0362\" data-element_type=\"section\">\n\t\t\t\t\t\t<div class=\"elementor-container elementor-column-gap-default\">\n\t\t\t\t\t<div class=\"elementor-column elementor-col-33 elementor-inner-column elementor-element elementor-element-3c78e8a\" data-id=\"3c78e8a\" data-element_type=\"column\">\n\t\t\t<div class=\"elementor-widget-wrap elementor-element-populated\">\n\t\t\t\t\t\t<div class=\"elementor-element elementor-element-7256c3f elementor-widget elementor-widget-witr_section_service\" data-id=\"7256c3f\" data-element_type=\"widget\" data-widget_type=\"witr_section_service.default\">\n\t\t\t\t<div class=\"elementor-widget-container\">\n\t\t\t\t\t\t\t\n\t\t\t<div class=\"service-item all_color_service  text-left  \">\n\t\t\t\t<div class=\"service_top_image\">\n\t\t\t\t\t<!-- image -->\n\t\t\t\t\t\t\t\t\n\t\t\t\t<\/div>\n\t\t\t\t<div class=\"text_box all_icon_color\">\n\t\t\t\t\t<!-- icon -->\n\t\t\t\t\t\t\t\t\t\t\t<i class=\"fas fa-list-ol\"><\/i>\n\t\t\t\t\t\t\t\t\t\t<!-- custom icon -->\n\t\t\t\t\t\t\t\t\t\n\t\t\t\t\t<!-- image -->\n\t\t\t\t\t\t\n\t\t\t\t\t<!-- title -->\n\t\t\t\t\t\t\t\t\t\t\t\t\t\t\t<h3>Quality Management <\/h3>\n\t\t\t\t\t\t\t\t\t\t\t\t\t\t\t<!-- content -->\n\t\t\t\t\t\t\t\t\t\t\t<p>Qualit\u00e4t ist unser Versprechen. Anhand von definierten Meilensteinen oder Quality Gates \u00fcberpr\u00fcfen wir st\u00e4ndig die Qualit\u00e4tskriterien und binden Stakeholder, Gate Keeper und Experten des Entwicklungsteams in den Gesamtprozess ein. Unsere ausgepr\u00e4gte Testexpertise unterst\u00fctzt Sie bei der Testplanung, -durchf\u00fchrung und -automation. <\/p>\t\t\n\t\t\t\t\t\t\t\t\t\t<!-- button -->\n\t\t\t\t\t\t\t\t\t\n\t\t\t\t<\/div> <!-- text_box -->\t\t\t\t\t\t\t\n\t\t\t<\/div> <!-- service item -->\t\t\t\t\t\t\t\n \t\t\t\t\t\t<\/div>\n\t\t\t\t<\/div>\n\t\t\t\t\t<\/div>\n\t\t<\/div>\n\t\t\t\t<div class=\"elementor-column elementor-col-33 elementor-inner-column elementor-element elementor-element-2f484d5\" data-id=\"2f484d5\" data-element_type=\"column\">\n\t\t\t<div class=\"elementor-widget-wrap elementor-element-populated\">\n\t\t\t\t\t\t<div class=\"elementor-element elementor-element-b5d9cc2 elementor-widget elementor-widget-witr_section_service\" data-id=\"b5d9cc2\" data-element_type=\"widget\" data-widget_type=\"witr_section_service.default\">\n\t\t\t\t<div class=\"elementor-widget-container\">\n\t\t\t\t\t\t\t\n\t\t\t<div class=\"service-item all_color_service  text-left  \">\n\t\t\t\t<div class=\"service_top_image\">\n\t\t\t\t\t<!-- image -->\n\t\t\t\t\t\t\t\t\n\t\t\t\t<\/div>\n\t\t\t\t<div class=\"text_box all_icon_color\">\n\t\t\t\t\t<!-- icon -->\n\t\t\t\t\t\t\t\t\t\t\t<i class=\"icofont icofont-hard-disk\"><\/i>\n\t\t\t\t\t\t\t\t\t\t<!-- custom icon -->\n\t\t\t\t\t\t\t\t\t\n\t\t\t\t\t<!-- image -->\n\t\t\t\t\t\t\n\t\t\t\t\t<!-- title -->\n\t\t\t\t\t\t\t\t\t\t\t\t\t\t\t<h3>Implementation <\/h3>\n\t\t\t\t\t\t\t\t\t\t\t\t\t\t\t<!-- content -->\n\t\t\t\t\t\t\t\t\t\t\t<p>Wir setzen den zuvor geplanten Entwurf in ausf\u00fchrbaren Programmcode um. Dadurch unterst\u00fctzen wir Sie bei Migrationsprojekten, dem Outtasking von Anwendungen bis zum Roll-out der Software. Wir erstellt f\u00fcr Sie Go-Live Planungen und steuert auf Wunsch Ihre Pilotprojekte. <\/p>\t\t\n\t\t\t\t\t\t\t\t\t\t<!-- button -->\n\t\t\t\t\t\t\t\t\t\n\t\t\t\t<\/div> <!-- text_box -->\t\t\t\t\t\t\t\n\t\t\t<\/div> <!-- service item -->\t\t\t\t\t\t\t\n \t\t\t\t\t\t<\/div>\n\t\t\t\t<\/div>\n\t\t\t\t\t<\/div>\n\t\t<\/div>\n\t\t\t\t<div class=\"elementor-column elementor-col-33 elementor-inner-column elementor-element elementor-element-b5fd1f9\" data-id=\"b5fd1f9\" data-element_type=\"column\">\n\t\t\t<div class=\"elementor-widget-wrap elementor-element-populated\">\n\t\t\t\t\t\t<div class=\"elementor-element elementor-element-13f8157 elementor-widget elementor-widget-witr_section_service\" data-id=\"13f8157\" data-element_type=\"widget\" data-widget_type=\"witr_section_service.default\">\n\t\t\t\t<div class=\"elementor-widget-container\">\n\t\t\t\t\t\t\t\n\t\t\t<div class=\"service-item all_color_service  text-left  \">\n\t\t\t\t<div class=\"service_top_image\">\n\t\t\t\t\t<!-- image -->\n\t\t\t\t\t\t\t\t\n\t\t\t\t<\/div>\n\t\t\t\t<div class=\"text_box all_icon_color\">\n\t\t\t\t\t<!-- icon -->\n\t\t\t\t\t\t\t\t\t\t\t<i class=\"icofont icofont-ui-settings\"><\/i>\n\t\t\t\t\t\t\t\t\t\t<!-- custom icon -->\n\t\t\t\t\t\t\t\t\t\n\t\t\t\t\t<!-- image -->\n\t\t\t\t\t\t\n\t\t\t\t\t<!-- title -->\n\t\t\t\t\t\t\t\t\t\t\t\t\t\t\t<h3>Operation <\/h3>\n\t\t\t\t\t\t\t\t\t\t\t\t\t\t\t<!-- content -->\n\t\t\t\t\t\t\t\t\t\t\t<p>Wir \u00fcbernehmen f\u00fcr Sie das Release-Management, administrieren Ihre Systeme und Netzwerke, supporten Ihre Datenbankumgebungen und k\u00fcmmern uns um die Verf\u00fcgbarkeit und die Performance sowie die Rechte- und Nutzerverwaltung. So sorgen wir f\u00fcr einen reibungslosen Betrieb. <\/p>\t\t\n\t\t\t\t\t\t\t\t\t\t<!-- button -->\n\t\t\t\t\t\t\t\t\t\n\t\t\t\t<\/div> <!-- text_box -->\t\t\t\t\t\t\t\n\t\t\t<\/div> <!-- service item -->\t\t\t\t\t\t\t\n \t\t\t\t\t\t<\/div>\n\t\t\t\t<\/div>\n\t\t\t\t\t<\/div>\n\t\t<\/div>\n\t\t\t\t\t<\/div>\n\t\t<\/section>\n\t\t\t\t\t<\/div>\n\t\t<\/div>\n\t\t\t\t\t<\/div>\n\t\t<\/section>\n\t\t\t\t<\/div>\n\t\t","protected":false},"excerpt":{"rendered":"<p>Bereitstellung von IT-L\u00f6sungen f\u00fcr Ihr Unternehmen. Wir schaffen Vertrauen f\u00fcr alle Ihre IT-Projekte Jetzt und in Zukunft Discover More contact us Neue Wege. Neue Dimensionen. Wir stehen f\u00fcr individuelle IT L\u00f6sungen sowie die ganzheitliche Steuerung und Optimierung s\u00e4mtlicher Herausforderungen von IT-Projekten. Discover More More About Service Cycle\u200b Wir sind Experten f\u00fcr alle Themen im Bereich [&hellip;]<\/p>\n","protected":false},"author":1,"featured_media":0,"parent":0,"menu_order":0,"comment_status":"closed","ping_status":"closed","template":"template-home.php","meta":{"_monsterinsights_skip_tracking":false,"_monsterinsights_sitenote_active":false,"_monsterinsights_sitenote_note":"","_monsterinsights_sitenote_category":0,"footnotes":""},"class_list":["post-6208","page","type-page","status-publish","hentry"],"aioseo_notices":[],"_links":{"self":[{"href":"https:\/\/www.meltas.ch\/index.php?rest_route=\/wp\/v2\/pages\/6208","targetHints":{"allow":["GET"]}}],"collection":[{"href":"https:\/\/www.meltas.ch\/index.php?rest_route=\/wp\/v2\/pages"}],"about":[{"href":"https:\/\/www.meltas.ch\/index.php?rest_route=\/wp\/v2\/types\/page"}],"author":[{"embeddable":true,"href":"https:\/\/www.meltas.ch\/index.php?rest_route=\/wp\/v2\/users\/1"}],"replies":[{"embeddable":true,"href":"https:\/\/www.meltas.ch\/index.php?rest_route=%2Fwp%2Fv2%2Fcomments&post=6208"}],"version-history":[{"count":218,"href":"https:\/\/www.meltas.ch\/index.php?rest_route=\/wp\/v2\/pages\/6208\/revisions"}],"predecessor-version":[{"id":6604,"href":"https:\/\/www.meltas.ch\/index.php?rest_route=\/wp\/v2\/pages\/6208\/revisions\/6604"}],"wp:attachment":[{"href":"https:\/\/www.meltas.ch\/index.php?rest_route=%2Fwp%2Fv2%2Fmedia&parent=6208"}],"curies":[{"name":"wp","href":"https:\/\/api.w.org\/{rel}","templated":true}]}}