{"id":6328,"date":"2022-06-18T21:10:32","date_gmt":"2022-06-18T19:10:32","guid":{"rendered":"https:\/\/meltas.ch\/?page_id=6328"},"modified":"2023-10-09T09:32:41","modified_gmt":"2023-10-09T07:32:41","slug":"datenschutzerklaerung-2-2","status":"publish","type":"page","link":"https:\/\/www.meltas.ch\/?page_id=6328","title":{"rendered":"Datenschutzerkl\u00e4rung"},"content":{"rendered":"\t\t<div data-elementor-type=\"wp-page\" data-elementor-id=\"6328\" class=\"elementor elementor-6328\" data-elementor-post-type=\"page\">\n\t\t\t\t\t\t<section class=\"elementor-section elementor-top-section elementor-element elementor-element-7c2946d elementor-section-boxed elementor-section-height-default elementor-section-height-default\" data-id=\"7c2946d\" data-element_type=\"section\">\n\t\t\t\t\t\t<div class=\"elementor-container elementor-column-gap-default\">\n\t\t\t\t\t<div class=\"elementor-column elementor-col-100 elementor-top-column elementor-element elementor-element-24084a9\" data-id=\"24084a9\" data-element_type=\"column\">\n\t\t\t<div class=\"elementor-widget-wrap elementor-element-populated\">\n\t\t\t\t\t\t<div class=\"elementor-element elementor-element-5fa8ea4 elementor-widget elementor-widget-text-editor\" data-id=\"5fa8ea4\" data-element_type=\"widget\" data-widget_type=\"text-editor.default\">\n\t\t\t\t<div class=\"elementor-widget-container\">\n\t\t\t\t\t\t\t\t\t<h2>Datenschutzerkl\u00e4rung<\/h2>\n<p>Verantwortliche Stelle im Sinne der Datenschutzgesetze, insbesondere der EU-Datenschutzgrundverordnung (DSGVO), ist:<\/p>\n<p>MelTas GmbH<br>6340 Baar<br>E-Mail: info@meldel.ch<br>WebSite: http:\/\/www.meldel.ch&nbsp;<\/p>\n<h2>Allgemeiner Hinweis<\/h2>\n<p>Gest\u00fctzt auf Artikel 13 der schweizerischen Bundesverfassung und die datenschutzrechtlichen Bestimmungen des Bundes (Datenschutzgesetz, DSG) hat jede Person Anspruch auf Schutz ihrer Privatsph\u00e4re sowie auf Schutz vor Missbrauch ihrer pers\u00f6nlichen Daten. Die Betreiber dieser Seiten nehmen den Schutz Ihrer pers\u00f6nlichen Daten sehr ernst. Wir behandeln Ihre personenbezogenen Daten vertraulich und entsprechend der gesetzlichen Datenschutzvorschriften sowie dieser Datenschutzerkl\u00e4rung.<br>In Zusammenarbeit mit unseren Hosting-Providern bem\u00fchen wir uns, die Datenbanken so gut wie m\u00f6glich vor fremden Zugriffen, Verlusten, Missbrauch oder vor F\u00e4lschung zu sch\u00fctzen.<br>Wir weisen darauf hin, dass die Daten\u00fcbertragung im Internet (z.B. bei der Kommunikation per E-Mail) Sicherheitsl\u00fccken aufweisen kann. Ein l\u00fcckenloser Schutz der Daten vor dem Zugriff durch Dritte ist nicht m\u00f6glich.<br>Durch die Nutzung dieser WebSite erkl\u00e4ren Sie sich mit der Erhebung, Verarbeitung und Nutzung von Daten gem\u00e4ss der nachfolgenden Beschreibung einverstanden. Diese WebSite kann grunds\u00e4tzlich ohne Registrierung besucht werden. Dabei werden Daten wie beispielsweise aufgerufene Seiten bzw. Namen der abgerufenen Datei, Datum und Uhrzeit zu statistischen Zwecken auf dem Server gespeichert, ohne dass diese Daten unmittelbar auf Ihre Person bezogen werden. Personenbezogene Daten, insbesondere Name, Adresse oder E-Mail-Adresse werden soweit m\u00f6glich auf freiwilliger Basis erhoben. Ohne Ihre Einwilligung erfolgt keine Weitergabe der Daten an Dritte.<\/p>\n<p><\/p>\n<h2>Datenschutzerkl\u00e4rung f\u00fcr Cookies<\/h2>\n<p>Diese WebSite verwendet Cookies. Das sind kleine Textdateien, die es m\u00f6glich machen, auf dem Endger\u00e4t des Nutzers spezifische, auf den Nutzer bezogene Informationen zu speichern, w\u00e4hrend er die Website nutzt. Cookies erm\u00f6glichen es, insbesondere Nutzungsh\u00e4ufigkeit und Nutzeranzahl der Seiten zu ermitteln, Verhaltensweisen der Seitennutzung zu analysieren, aber auch unser Angebot kundenfreundlicher zu gestalten. Cookies bleiben \u00fcber das Ende einer Browser-Sitzung gespeichert und k\u00f6nnen bei einem erneuten Seitenbesuch wieder aufgerufen werden. Wenn Sie das nicht w\u00fcnschen, sollten Sie Ihren Internetbrowser so einstellen, dass er die Annahme von Cookies verweigert.<\/p>\n<p><\/p>\n<h2>Datenschutzerkl\u00e4rung f\u00fcr SSL-Verschl\u00fcsselung<\/h2>\n<p>Diese WebSite nutzt aus Gr\u00fcnden der Sicherheit und zum Schutz der \u00dcbertragung vertraulicher Inhalte, wie zum Beispiel der Anfragen, die Sie an uns als Seitenbetreiber senden, eine SSL-Verschl\u00fcsselung. Eine verschl\u00fcsselte Verbindung erkennen Sie daran, dass die Adresszeile des Browsers von \u00abhttp:\/\/\u00bb auf \u00abhttps:\/\/\u00bb wechselt und an dem Schloss-Symbol in Ihrer Browserzeile.<br>Wenn die SSL Verschl\u00fcsselung aktiviert ist, k\u00f6nnen die Daten, die Sie an uns \u00fcbermitteln, nicht von Dritten mitgelesen werden.<\/p>\n<p><\/p>\n<h2>Daten\u00fcbertragungssicherheit (ohne SSL)<\/h2>\n<p>Bitte beachten Sie, dass Daten, die \u00fcber ein offenes Netz wie das Internet oder einen E-Mail-Dienst ohne SSL-Verschl\u00fcsselung \u00fcbermittelt werden, f\u00fcr jedermann einsehbar sind. Eine unverschl\u00fcsselte Verbindung erkennen Sie daran, dass die Adresszeile des Browsers \u00abhttp:\/\/\u00bb anzeigt und kein Schloss-Symbol in Ihrer Browserzeile angezeigt wird. Informationen die \u00fcber das Internet \u00fcbertragen werden und online empfangene Inhalte, k\u00f6nnen unter Umst\u00e4nden \u00fcber Netze von Drittanbietern \u00fcbermittelt werden. Wir k\u00f6nnen die Vertraulichkeit von Mitteilungen oder Unterlagen, die \u00fcber solche offenen Netze oder Netze von Drittanbietern \u00fcbermittelt werden, nicht garantieren.<br>Wenn Sie \u00fcber ein offenes Netz oder Netze von Drittanbietern personenbezogene Informationen bekannt geben, sollten Sie sich der Tatsache bewusst sein, dass Ihre Daten verloren gehen oder Dritte potenziell auf diese Informationen zugreifen und folglich die Daten ohne Ihre Zustimmung sammeln und nutzen k\u00f6nnen. Zwar werden in vielen F\u00e4llen die einzelnen Datenpakete verschl\u00fcsselt \u00fcbermittelt, nicht aber die Namen des Absenders und des Empf\u00e4ngers. Selbst wenn der Absender und der Empf\u00e4nger im gleichen Land wohnen, erfolgt die Daten\u00fcbermittlung \u00fcber solche Netze h\u00e4ufig und ohne Kontrollen auch \u00fcber Drittstaaten, d.h. auch \u00fcber L\u00e4nder, die nicht das gleiche Datenschutzniveau bieten wie Ihr Domizilland. Wir \u00fcbernehmen f\u00fcr die Sicherheit Ihrer Daten w\u00e4hrend der \u00dcbermittlung \u00fcber das Internet keine Verantwortung und lehnen jede Haftung f\u00fcr mittelbare und unmittelbare Verluste ab. Wir bitten Sie, andere Kommunikationsmittel zu benutzen, sollten Sie dies aus Gr\u00fcnden der Sicherheit f\u00fcr notwendig oder vern\u00fcnftig erachten.<br>Trotz umfangreicher technischer und organisatorischer Sicherungsvorkehrungen, k\u00f6nnen m\u00f6glicherweise Daten verloren gehen oder von Unbefugten abgefangen und\/oder manipuliert werden. Wir treffen soweit m\u00f6glich geeignete technische und organisatorische Sicherheitsmassnahmen, um dies innerhalb unseres Systems zu verhindern. Ihr Computer befindet sich indessen ausserhalb des von uns kontrollierbaren Sicherheitsbereichs. Es obliegt Ihnen als Benutzer, sich \u00fcber die erforderlichen Sicherheitsvorkehrungen zu informieren und diesbez\u00fcglich geeignete Massnahmen zu treffen. Als Website-Betreiber haften wir keinesfalls f\u00fcr Sch\u00e4den, die Ihnen aus Datenverlust oder -manipulation entstehen k\u00f6nnen.<br>Daten welche Sie in Online-Formularen angeben, k\u00f6nnen zwecks Auftragsabwicklung an beauftragte Dritte weitergegeben und von diesen eingesehen und allenfalls bearbeitet werden.<\/p>\n<p><\/p>\n<h2>Datenschutzerkl\u00e4rung f\u00fcr Server-Log-Files<\/h2>\n<p>Der Provider dieser WebSite erhebt und speichert automatisch Informationen in so genannten Server-Log Files, die Ihr Browser automatisch an uns \u00fcbermittelt. Dies sind:<\/p>\n<p>\u2022&nbsp;&nbsp; &nbsp;Browsertyp und Browserversion<br>\u2022&nbsp;&nbsp; &nbsp;verwendetes Betriebssystem<br>\u2022&nbsp;&nbsp; &nbsp;Referrer URL<br>\u2022&nbsp;&nbsp; &nbsp;Hostname des zugreifenden Rechners<br>\u2022&nbsp;&nbsp; &nbsp;Uhrzeit der Serveranfrage<\/p>\n<p><\/p>\n<p>Diese Daten sind nicht bestimmten Personen zuordenbar. Eine Zusammenf\u00fchrung dieser Daten mit anderen Datenquellen wird nicht vorgenommen. Wir behalten uns vor, diese Daten nachtr\u00e4glich zu pr\u00fcfen, wenn uns konkrete Anhaltspunkte f\u00fcr eine rechtswidrige Nutzung bekannt werden.&nbsp;<\/p>\n<h2>Dienste von Dritten<\/h2>\n<p>Diese WebSite verwenden allenfalls Google Maps f\u00fcr das Einbetten von Karten, Google Invisible reCAPTCHA f\u00fcr den Schutz gegen Bots und Spam sowie YouTube f\u00fcr das Einbetten von Videos.<br>Diese Dienste der amerikanischen Google LLC verwenden unter anderem Cookies und infolgedessen werden Daten an Google in den USA \u00fcbertragen, wobei wir davon ausgehen, dass in diesem Rahmen kein personenbezogenes Tracking allein durch die Nutzung unserer Website stattfindet.<br>Google hat sich verpflichtet, einen angemessenen Datenschutz gem\u00e4ss dem amerikanisch-europ\u00e4ischen und dem amerikanisch-schweizerischen Privacy Shield zu gew\u00e4hrleisten.<br>Weitere Informationen finden sich in der Datenschutzerkl\u00e4rung von Google.<\/p>\n<p><\/p>\n<h2>Datenschutzerkl\u00e4rung f\u00fcr Kontaktformular<\/h2>\n<p>Wenn Sie uns per Kontaktformular Anfragen zukommen lassen, werden Ihre Angaben aus dem Anfrageformular inklusive der von Ihnen dort angegebenen Kontaktdaten zwecks Bearbeitung der Anfrage und f\u00fcr den Fall von Anschlussfragen bei uns gespeichert. Diese Daten geben wir nicht ohne Ihre Einwilligung weiter.<\/p>\n<p><\/p>\n<h2>Verwendung von Google Maps<\/h2>\n<p>Diese WebSite verwendet Google Maps API, um geographische Informationen visuell darzustellen. Bei der Nutzung von Google Maps werden von Google auch Daten \u00fcber die Nutzung der Kartenfunktionen durch Besucher erhoben, verarbeitet und genutzt. N\u00e4here Informationen \u00fcber die Datenverarbeitung durch Google k\u00f6nnen Sie den Google-Datenschutzhinweisen entnehmen. Dort k\u00f6nnen Sie im Datenschutzcenter auch Ihre pers\u00f6nlichen Datenschutz-Einstellungen ver\u00e4ndern.<br>Ausf\u00fchrliche Anleitungen zur Verwaltung der eigenen Daten im Zusammenhang mit Google-Produkten finden Sie hier.<\/p>\n<p><\/p>\n<h2>Datenschutzerkl\u00e4rung f\u00fcr Google Analytics<\/h2>\n<p>Diese WebSite verwendet Google Analytics, einen Webanalysedienst von Google Inc., 1600 Amphitheatre Parkway, Mountain View, CA 94043, USA. Zur Deaktivierung von Google Analytiscs stellt Google unter&nbsp;<a href=\"https:\/\/tools.google.com\/dlpage\/gaoptout?hl=de\" target=\"_blank\" rel=\"noopener\">https:\/\/tools.google.com\/dlpage\/gaoptout?hl=de<\/a>&nbsp;ein Browser-Plug-In zur Verf\u00fcgung. Google Analytics verwendet Cookies. Das sind kleine Textdateien, die es m\u00f6glich machen, auf dem Endger\u00e4t des Nutzers spezifische, auf den Nutzer bezogene Informationen zu speichern. Diese erm\u00f6glichen eine Analyse der Nutzung unseres Websiteangebotes durch Google. Die durch den Cookie erfassten Informationen \u00fcber die Nutzung unserer Seiten (einschliesslich Ihrer IP-Adresse) werden in der Regel an einen Server von Google in den USA \u00fcbertragen und dort gespeichert. Wir weisen darauf hin, dass auf dieser Website Google Analytics um den Code \u201egat._anonymizeIp();\u201c erweitert wurde, um eine anonymisierte Erfassung von IP-Adressen (sog. IP-Masking) zu gew\u00e4hrleisten. Ist die Anonymisierung aktiv, k\u00fcrzt Google IP-Adressen innerhalb von Mitgliedstaaten der Europ\u00e4ischen Union oder in anderen Vertragsstaaten des Abkommens \u00fcber den Europ\u00e4ischen Wirtschaftsraum, weswegen keine R\u00fcckschl\u00fcsse auf Ihre Identit\u00e4t m\u00f6glich sind. Nur in Ausnahmef\u00e4llen wird die volle IP-Adresse an einen Server von Google in den USA \u00fcbertragen und dort gek\u00fcrzt. Google beachtet die Datenschutzbestimmungen des \u201ePrivacy Shield\u201c-Abkommens und ist beim \u201ePrivacy Shield\u201c-Programm des US-Handelsministeriums registriert und nutzt die gesammelten Informationen, um die Nutzung unserer Websites auszuwerten, Berichte f\u00fcr uns diesbez\u00fcglich zu verfassen und andere diesbez\u00fcgliche Dienstleistungen an uns zu erbringen. Mehr erfahren Sie unter&nbsp;<a href=\"https:\/\/support.google.com\/analytics\/answer\/6004245?hl=de\" target=\"_blank\" rel=\"noopener\">https:\/\/support.google.com\/analytics\/answer\/6004245?hl=de<\/a>.<\/p>\n<p><\/p>\n<h2>Datenschutzerkl\u00e4rung f\u00fcr die Nutzung von Google Web Fonts<\/h2>\n<p>Diese WebSite nutzt zur einheitlichen Darstellung von Schriftarten so genannte Web Fonts, die von Google bereitgestellt werden. Beim Aufruf einer Seite l\u00e4dt Ihr Browser die ben\u00f6tigten Web Fonts in ihren Browsercache, um Texte und Schriftarten korrekt anzuzeigen. Wenn Ihr Browser Web Fonts nicht unterst\u00fctzt, wird eine Standardschrift von Ihrem Computer genutzt.<br>Weitere Informationen zu Google Web Fonts finden Sie unter&nbsp;<a href=\"https:\/\/developers.google.com\/fonts\/faq\" target=\"_blank\" rel=\"noopener\">https:\/\/developers.google.com\/fonts\/faq<\/a>&nbsp;und in der Datenschutzerkl\u00e4rung von Google:<\/p>\n<p><a href=\"https:\/\/www.google.com\/policies\/privacy\/\" target=\"_blank\" rel=\"noopener\">https:\/\/www.google.com\/policies\/privacy\/<\/a><\/p>\n<p><\/p>\n<h2>Google Tag Manager<\/h2>\n<p>Google Tag Manager ist eine L\u00f6sung, mit der wir sog. Website-Tags \u00fcber eine Oberfl\u00e4che verwalten k\u00f6nnen und so z.B. Google Analytics sowie andere Google-Marketing-Dienste in unser Onlineangebot einbinden k\u00f6nnen. Der Tag Manager selbst, welcher die Tags implementiert, verarbeitet keine personenbezogenen Daten der Nutzer. Im Hinblick auf die Verarbeitung der personenbezogenen Daten der Nutzer wird auf die folgenden Angaben zu den Google-Diensten verwiesen. Nutzungsrichtlinien:<\/p>\n<p><a href=\"https:\/\/www.google.com\/intl\/de\/tagmanager\/use-policy.html\" target=\"_blank\" rel=\"noopener\">https:\/\/www.google.com\/intl\/de\/tagmanager\/use-policy.html<\/a><\/p>\n<p><\/p>\n<h2>Datenschutzerkl\u00e4rung f\u00fcr YouTube<\/h2>\n<p>Diese WebSite nutzt Plugins der von Google betriebenen Seite YouTube. Betreiber der Seiten ist die YouTube, LLC, 901 Cherry Ave., San Bruno, CA 94066, USA. Wenn Sie eine unserer mit einem YouTube-Plugin ausgestatteten Seiten besuchen, wird eine Verbindung zu den Servern von YouTube hergestellt. Dabei wird dem Youtube-Server mitgeteilt, welche unserer Seiten Sie besucht haben.<br>Wenn Sie in Ihrem YouTube-Account eingeloggt sind erm\u00f6glichen Sie YouTube, Ihr Surfverhalten direkt Ihrem pers\u00f6nlichen Profil zuzuordnen. Dies k\u00f6nnen Sie verhindern, indem Sie sich aus Ihrem YouTube-Account ausloggen.<br>Weitere Informationen zum Umgang von Nutzerdaten finden Sie in der Datenschutzerkl\u00e4rung von YouTube unter:<\/p>\n<p><a href=\"https:\/\/www.google.de\/intl\/de\/policies\/privacy\" target=\"_blank\" rel=\"noopener\">https:\/\/www.google.de\/intl\/de\/policies\/privacy<\/a><\/p>\n<p><\/p>\n<h2>Hinweis zur Daten\u00fcbermittlungen in die USA (Vereinigte Staaten von Amerika)<\/h2>\n<p>Aus Gr\u00fcnden der Vollst\u00e4ndigkeit weisen wir Sie darauf hin, dass f\u00fcr Nutzer mit Sitz in der Schweiz \u00dcberwachungsmassnahmen von US-Beh\u00f6rden bestehen, welche generell die Speicherung aller personenbezogenen Daten aus der Schweiz \u2013 welche in die USA \u00fcbermittelt wurden \u2013 erm\u00f6glicht.<br>Dies geschieht ohne Differenzierung, Einschr\u00e4nkung oder Ausnahme anhand der verfolgten Ziele und ohne ein objektives Kriterium, das es erm\u00f6glicht, den Zugang der US-Beh\u00f6rden zu den Daten und deren sp\u00e4tere Nutzung auf ganz bestimmte, strikt begrenzte Zwecke zu beschr\u00e4nken, die mit dem Zugang zu diesen Daten als auch mit deren Nutzung verbundenen Eingriffe zu rechtfertigen verm\u00f6gen. Ausserdem weisen wir Sie darauf hin, dass in den USA f\u00fcr die betroffenen Personen aus der Schweiz, keine Rechtsbehelfe vorliegen, die es erlauben w\u00fcrden, Zugang zu den Sie betreffenden Daten zu erhalten und deren Berichtigung oder L\u00f6schung zu erwirken, resp. kein wirksamer gerichtlicher Rechtsschutz gegen generelle Zugriffsrechte von US-Beh\u00f6rden vorliegt. Wir weisen den Betroffenen explizit auf diese Rechts- und Sachlage hin, um eine entsprechend informierte Entscheidung zur Einwilligung in die Verwendung seiner Daten zu treffen.<br>Nutzer mit Wohnsitz in einem Mitgliedstaat der EU weisen wir darauf hin, dass die USA aus Sicht der Europ\u00e4ischen Union nicht \u00fcber ein ausreichendes Datenschutzniveau verf\u00fcgt.<\/p>\n<p><\/p>\n<h2>Allgemeiner Haftungsausschluss<\/h2>\n<p>Alle Angaben unseres Internetangebotes wurden sorgf\u00e4ltig gepr\u00fcft. Wir bem\u00fchen uns, unser Informationsangebot aktuell, inhaltlich richtig und vollst\u00e4ndig anzubieten. Trotzdem kann das Auftreten von Fehlern nicht v\u00f6llig ausgeschlossen werden, womit wir keine Garantie f\u00fcr Vollst\u00e4ndigkeit, Richtigkeit und Aktualit\u00e4t von Informationen auch journalistisch-redaktioneller Art \u00fcbernehmen k\u00f6nnen. Haftungsanspr\u00fcche aus Sch\u00e4den materieller oder ideeller Art, die durch die Nutzung der angebotenen Informationen verursacht wurden, sind ausgeschlossen, sofern kein nachweislich vors\u00e4tzliches oder grob fahrl\u00e4ssiges Verschulden vorliegt.<br>Der Herausgeber kann nach eigenem Ermessen und ohne Ank\u00fcndigung Texte ver\u00e4ndern oder l\u00f6schen und ist nicht verpflichtet, Inhalte dieser Website zu aktualisieren. Die Benutzung bzw. der Zugang zu dieser Website geschieht auf eigene Gefahr des Besuchers. Der Herausgeber, seine Auftraggeber oder Partner sind nicht verantwortlich f\u00fcr Sch\u00e4den, wie direkte, indirekte, zuf\u00e4llige, vorab konkret zu bestimmende oder Folgesch\u00e4den, die angeblich durch den Besuch dieser Website entstanden sind und \u00fcbernehmen hierf\u00fcr folglich keine Haftung.<br>Der Herausgeber \u00fcbernimmt ebenfalls keine Verantwortung und Haftung f\u00fcr die Inhalte und die Verf\u00fcgbarkeit von Webseiten Dritter, die \u00fcber externe Links dieser Webseite erreichbar sind. F\u00fcr den Inhalt der verlinkten Seiten sind ausschliesslich deren Betreiber verantwortlich. Der Herausgeber distanziert sich damit ausdr\u00fccklich von allen Inhalten Dritter, die m\u00f6glicherweise straf- oder haftungsrechtlich relevant sind oder gegen die guten Sitten verstossen.<\/p>\n<p><\/p>\n<h2>\u00c4nderungen<\/h2>\n<p>Wir k\u00f6nnen diese Datenschutzerkl\u00e4rung jederzeit ohne Vorank\u00fcndigung anpassen. Es gilt die jeweils aktuelle, auf unserer Website publizierte Fassung. Soweit die Datenschutzerkl\u00e4rung Teil einer Vereinbarung mit Ihnen ist, werden wir Sie im Falle einer Aktualisierung \u00fcber die \u00c4nderung per E-Mail oder auf andere geeignete Weise informieren.<\/p>\n<p><\/p>\n<h2>Fragen an den Datenschutzbeauftragten<\/h2>\n<p>Wenn Sie Fragen zum Datenschutz haben, schreiben Sie uns bitte eine E-Mail oder wenden Sie sich direkt an die f\u00fcr den Datenschutz zu Beginn der Datenschutzerkl\u00e4rung aufgef\u00fchrten, verantwortlichen Person in unserer Organisation.<\/p>\n<p>Baar, 18.06.2022<br>Quelle: Datenschutz-Generator von SwissAnwalt<\/p>\t\t\t\t\t\t\t\t<\/div>\n\t\t\t\t<\/div>\n\t\t\t\t\t<\/div>\n\t\t<\/div>\n\t\t\t\t\t<\/div>\n\t\t<\/section>\n\t\t\t\t<\/div>\n\t\t","protected":false},"excerpt":{"rendered":"<p>Datenschutzerkl\u00e4rung Verantwortliche Stelle im Sinne der Datenschutzgesetze, insbesondere der EU-Datenschutzgrundverordnung (DSGVO), ist: MelTas GmbH6340 BaarE-Mail: info@meldel.chWebSite: http:\/\/www.meldel.ch&nbsp; Allgemeiner Hinweis Gest\u00fctzt auf Artikel 13 der schweizerischen Bundesverfassung und die datenschutzrechtlichen Bestimmungen des Bundes (Datenschutzgesetz, DSG) hat jede Person Anspruch auf Schutz ihrer Privatsph\u00e4re sowie auf Schutz vor Missbrauch ihrer pers\u00f6nlichen Daten. Die Betreiber dieser Seiten nehmen [&hellip;]<\/p>\n","protected":false},"author":1,"featured_media":0,"parent":0,"menu_order":0,"comment_status":"closed","ping_status":"closed","template":"template-home.php","meta":{"_monsterinsights_skip_tracking":false,"_monsterinsights_sitenote_active":false,"_monsterinsights_sitenote_note":"","_monsterinsights_sitenote_category":0,"footnotes":""},"class_list":["post-6328","page","type-page","status-publish","hentry"],"aioseo_notices":[],"_links":{"self":[{"href":"https:\/\/www.meltas.ch\/index.php?rest_route=\/wp\/v2\/pages\/6328","targetHints":{"allow":["GET"]}}],"collection":[{"href":"https:\/\/www.meltas.ch\/index.php?rest_route=\/wp\/v2\/pages"}],"about":[{"href":"https:\/\/www.meltas.ch\/index.php?rest_route=\/wp\/v2\/types\/page"}],"author":[{"embeddable":true,"href":"https:\/\/www.meltas.ch\/index.php?rest_route=\/wp\/v2\/users\/1"}],"replies":[{"embeddable":true,"href":"https:\/\/www.meltas.ch\/index.php?rest_route=%2Fwp%2Fv2%2Fcomments&post=6328"}],"version-history":[{"count":9,"href":"https:\/\/www.meltas.ch\/index.php?rest_route=\/wp\/v2\/pages\/6328\/revisions"}],"predecessor-version":[{"id":6784,"href":"https:\/\/www.meltas.ch\/index.php?rest_route=\/wp\/v2\/pages\/6328\/revisions\/6784"}],"wp:attachment":[{"href":"https:\/\/www.meltas.ch\/index.php?rest_route=%2Fwp%2Fv2%2Fmedia&parent=6328"}],"curies":[{"name":"wp","href":"https:\/\/api.w.org\/{rel}","templated":true}]}}